{"id":5315,"date":"2023-04-13T02:22:01","date_gmt":"2023-04-13T02:22:01","guid":{"rendered":"https:\/\/sigmadomus-eu.net\/?page_id=5315"},"modified":"2023-04-13T02:47:37","modified_gmt":"2023-04-13T02:47:37","slug":"informativa-cookies","status":"publish","type":"page","link":"https:\/\/sigmadomus-eu.net\/it\/informativa-cookies\/","title":{"rendered":"Informativa Cookies"},"content":{"rendered":"\t\t<div data-elementor-type=\"wp-page\" data-elementor-id=\"5315\" class=\"elementor elementor-5315 elementor-4983\">\n\t\t\t\t\t\t<div class=\"elementor-inner\">\n\t\t\t\t<div class=\"elementor-section-wrap\">\n\t\t\t\t\t\t\t\t\t<section class=\"elementor-section elementor-top-section elementor-element elementor-element-348e8b1 elementor-section-boxed elementor-section-height-default elementor-section-height-default\" data-id=\"348e8b1\" data-element_type=\"section\">\n\t\t\t\t\t\t<div class=\"elementor-container elementor-column-gap-default\">\n\t\t\t\t\t\t\t<div class=\"elementor-row\">\n\t\t\t\t\t<div class=\"elementor-column elementor-col-100 elementor-top-column elementor-element elementor-element-877f092\" data-id=\"877f092\" data-element_type=\"column\">\n\t\t\t<div class=\"elementor-column-wrap elementor-element-populated\">\n\t\t\t\t\t\t\t<div class=\"elementor-widget-wrap\">\n\t\t\t\t\t\t<div class=\"elementor-element elementor-element-0f9749a elementor-widget elementor-widget-text-editor\" data-id=\"0f9749a\" data-element_type=\"widget\" data-widget_type=\"text-editor.default\">\n\t\t\t\t<div class=\"elementor-widget-container\">\n\t\t\t<style>\/*! elementor - v3.14.0 - 26-06-2023 *\/\n.elementor-widget-text-editor.elementor-drop-cap-view-stacked .elementor-drop-cap{background-color:#69727d;color:#fff}.elementor-widget-text-editor.elementor-drop-cap-view-framed .elementor-drop-cap{color:#69727d;border:3px solid;background-color:transparent}.elementor-widget-text-editor:not(.elementor-drop-cap-view-default) .elementor-drop-cap{margin-top:8px}.elementor-widget-text-editor:not(.elementor-drop-cap-view-default) .elementor-drop-cap-letter{width:1em;height:1em}.elementor-widget-text-editor .elementor-drop-cap{float:left;text-align:center;line-height:1;font-size:50px}.elementor-widget-text-editor .elementor-drop-cap-letter{display:inline-block}<\/style>\t\t\t\t\t<div class=\"elementor-text-editor elementor-clearfix\">\n\t\t\t\t<p><strong>INFORMATIVA COOKIES<\/strong><\/p><p><strong><br \/>1 &#8211; Informazioni relative alla cookie policy del sito<\/strong><\/p><ol><li>In questa sezione sono contenute le informazioni relative alla cookie policy del sito https:\/\/sigmadomus-eu.net, di propriet\u00e0 di SIGMA DOMUS SALUTE SRL, in riferimento all&#8217;utilizzo dei cookies da parte dell&#8217;utente.<\/li><li>Il presente documento \u00e8 parte integrante della Privacy Policy del sito https:\/\/sigmadomus-eu.net\/politica-de-cookies\/ e dell&#8217;informativa in essa contenuta resa ai soggetti interessati ai sensi del Regolamento generale sulla Protezione dei Dati, Regolamento UE n. 679\/2016, del codice in materia di protezione dei dati personali, D.Lgs. del 30 giugno 1993, n. 196 e s.m.i., e delle &#8220;Linee guida cookie e altri strumenti di tracciamento &#8211; 10 giugno 2021&#8221;, G.U. n. 163 del 9 luglio 2021.<\/li><li>L&#8217;informativa \u00e8 resa esclusivamente per i cookie presenti all&#8217;interno del sito https:\/\/sigmadomus-eu.net e non anche per cookie presenti su siti esterni raggiungibili attraverso tramite link presenti all&#8217;interno del sito stesso.<\/li><\/ol><p>4.La politica sui cookie pu\u00f2 essere periodicamente aggiornata, per cui si consiglia di consultare questo documento ogni volta che si accede al sito, al fine di poter essere correttamente informati su come e perch\u00e9 vengono utilizzati i cookie.<\/p><p><strong><br \/>2 &#8211; Titolare del trattamento dei dati<\/strong><\/p><ol><li>Il titolare del trattamento \u00e8 la persona fisica o giuridica, l&#8217;autorit\u00e0 pubblica, il servizio o altro organismo che, singolarmente o insieme ad altri, determina le finalit\u00e0 e i mezzi del trattamento di dati personali. Si occupa anche dei profili sulla sicurezza.<\/li><li>Relativamente al presente sito web il titolare del trattamento \u00e8: SIGMA DOMUS SALUTE SRL, e per ogni chiarimento o esercizio dei diritti dell&#8217;utente potr\u00e0 contattarlo al seguente indirizzo mail: info@sigmadomus.net.<\/li><\/ol><p><strong><br \/>3<\/strong> <strong><em>&#8211;<\/em><\/strong> <strong>Cookies<\/strong><\/p><ol><li>L&#8217;utilizzo dei cookie avviene nel rispetto della relativa normativa europea (direttiva 2009\/136\/CE ha modificato la direttiva 2002\/58\/CE &#8220;E Privacy) e nazionale (Provvedimento Garante per la protezione dei dati personali dell&#8217;8 maggio 2014 e successivi chiarimenti nonch\u00e9 Linee Guida cookie e altri strumenti di tracciamento del 10 giugno 2021 n.231).<\/li><\/ol><p><strong><br \/>4 &#8211; Tipi di Cookies<\/strong><\/p><ol><li>Il sito https:\/\/sigmadomus-eu.net utilizza cookies per rendere l&#8217;esperienza di navigazione dell&#8217;utente pi\u00f9 facile ed intuitiva: i cookies sono piccole stringhe di testo utilizzate per memorizzare alcune informazioni che possono riguardare l&#8217;utente, le sue preferenze o il dispositivo di accesso a Internet (computer, tablet o cellulare) e vengono utilizzate principalmente per adeguare il funzionamento del sito alle aspettative dell&#8217;utente, offrendo un&#8217;esperienza di navigazione pi\u00f9 personalizzata e memorizzando le scelte effettuate in precedenza.<\/li><li>Un cookie consiste in un ridotto insieme di dati trasferiti al browser dell&#8217;utente da un server web e pu\u00f2 essere letto unicamente dal server che ha effettuato il trasferimento. Non si tratta di codice eseguibile e non trasmette virus.<\/li><li>I cookies non registrano alcuna informazione personale e gli eventuali dati identificabili non verranno memorizzati. Se si desidera, \u00e8 possibile impedire il salvataggio di alcuni o tutti i cookie. Tuttavia, in questo caso l&#8217;utilizzo del sito e dei servizi offerti potrebbe risultarne compromesso. Per procedere senza modificare le opzioni relative ai cookies \u00e8 sufficiente continuare con la navigazione.<\/li><li>Questo sito web pu\u00f2 utilizzare, anche in combinazione tra di loro i seguenti tipi di cookie classificati in base alle indicazioni del Garante Privacy e dei Pareri emessi in ambito Europeo dal Gruppo di Lavoro ex art. 29 del GDPR:<\/li><\/ol><ul><li>Sessione, sono i cookie che non vengono memorizzati in modo persistente sul computer dell&#8217;utente e si cancellano con la chiusura del browser, sono strettamente limitati alla trasmissione di identificativi di sessione necessari per consentire l&#8217;esplorazione sicura ed efficiente del sito evitando il ricorso ad altre tecniche informatiche potenzialmente pregiudizievoli per la riservatezza della navigazione degli utenti.<\/li><li>Persistenti, sono i cookie che rimangono memorizzati sul disco rigido del computer fino alla loro scadenza o cancellazione da parte degli utenti\/visitatori. Tramite i cookie persistenti i visitatori che accedono al sito (o eventuali altri utenti che impiegano il medesimo computer) vengono automaticamente riconosciuti ad ogni visita. I visitatori possono impostare il browser del computer in modo tale che accetti\/rifiuti tutti i cookie o visualizzi un avviso ogni qual volta viene proposto un cookie, per poter valutare se accettarlo o meno. L&#8217;utente pu\u00f2, comunque, modificare la configurazione predefinita e disabilitare i cookie (cio\u00e8 bloccarli in via definitiva), impostando il livello di protezione pi\u00f9 elevato.<\/li><li>Tecnici, sono i cookie utilizzati per autenticarsi, per usufruire di contenuti multimediali tipo flash player o per consentire la scelta della lingua di navigazione. In generale non \u00e8 quindi necessario acquisire il consenso preventivo e informato dell&#8217;utente. Rientrano in questa fattispecie anche i cookie utilizzati per analizzare statisticamente gli accessi\/le visite al sito solo se utilizzati esclusivamente per scopi statistici e tramite la raccolta di informazioni in forma aggregata.<\/li><li>Cookie di profilazione e marketing. Il loro utilizzo sui terminali degli utenti \u00e8 vietato se questi non siano stati prima adeguatamente informati e non abbiano prestato al riguardo un valido consenso secondo la tecnica dell&#8217;opt-in. Questi tipi di cookie sono, a loro volta, raggruppabili in base alle funzioni che assolvono in:<\/li><\/ul><ol><li>a) Analitycs. sono i cookie utilizzati per raccogliere ed analizzare informazioni statistiche sugli accessi\/le visite al sito web. In alcuni casi, associati ad altre informazioni quali le credenziali inserite per l&#8217;accesso ad aree riservate (il proprio indirizzo di posta elettronica e la password), possono essere utilizzate per profilare l&#8217;utente (abitudini personali, siti visitati, contenuti scaricati, tipi di interazioni effettuate, ecc.).<\/li><li>b) Widgets, rientrano in questa categoria tutti quei componenti grafici di una interfaccia utente di un programma, che ha lo scopo di facilitare l&#8217;utente nell&#8217;interazione con il programma stesso. A titolo esemplificativo sono widget i cookie di facebook, twitter.<\/li><li>c) Advertsing, rientrano in questa categoria i cookie utilizzati per fare pubblicit\u00e0 all&#8217;interno di un sito. Google, Tradedoubler rientrano in questa categoria.<\/li><\/ol><p><strong><br \/>5 &#8211; Cookies tecnici<\/strong><\/p><ol><li>I cookie tecnici sono quelli utilizzati al solo fine di &#8220;effettuare la trasmissione di una comunicazione su una rete di comunicazione elettronica, o nella misura strettamente necessaria al fornitore di un servizio della societ\u00e0 dell&#8217;informazione esplicitamente richiesto dall&#8217;abbonato o dall&#8217;utente a erogare tale servizio&#8221; (cfr. art. 122, comma 1, del Codice della Privacy).<\/li><li>I cookie tecnici non richiedono il consenso preventivo dell&#8217;utente. Essi sono utilizzati per consentire il funzionamento del sito e\/o per fornire all&#8217;Utente un servizio o una funzione che l&#8217;Utente ha espressamente richiesto. I cookies garantiscono, quindi, la normale navigazione e fruizione dei Siti, consentendo, anche, di salvare le preferenze espresse dall&#8217;Utente e di ottimizzare, cos\u00ec, la sua navigazione. I Siti utilizzano cookie tecnici sia di prima che di terza parte.<\/li><li>I cookie tecnici effettivamente utilizzati dal sito, o che potrebbero essere utilizzati dal sito, si dividono in:<\/li><\/ol><ul><li>cookie &#8220;user input&#8221;: cookie di sessione utilizzati per tenere traccia dei dati forniti dall&#8217;utente compilando gli appositi moduli on line (per esempio i moduli presenti durante il procedimento di acquisto per l&#8217;inserimento dell&#8217;indirizzo di spedizione o di fatturazione) oppure, come accade nel caso del carrello della spesa, per ricordare gli articoli che l&#8217;utente ha selezionato e inserito nel carrello, cliccando sull&#8217;apposito pulsante;<\/li><li>cookie di autenticazione: cookie utilizzati per identificare l&#8217;utente dopo il log-in e consentirgli di autenticarsi e accedere al contenuto e\/o alle funzionalit\u00e0 per cui tale log-in \u00e8 necessario (es: acquisto, accesso all&#8217;Area Personale);<\/li><li>altri cookie di funzionalit\u00e0: cookie che servono ad attivare specifiche funzionalit\u00e0 dei Siti e a memorizzare le scelte effettuate dall&#8217;Utente in merito alla visualizzazione delle pagine dei Siti;<\/li><li>&#8220;cookie Consent&#8221;: cookie che documenta la manifestazione del consenso dell&#8217;Utente alla installazione dei cookie di profilazione attraverso il compimento di una delle azioni descritte nel banner\/informativa breve, riconosce l&#8217;Utente al secondo accesso al sito cos\u00ec da non richiedere nuovamente il consenso all&#8217;installazione dei cookie ed ha una durata di 12 mesi.<\/li><\/ul><p><strong><br \/>6 &#8211; Cookies analitici<\/strong><\/p><ol><li>I cookie analitici sono utilizzati per raccogliere informazioni statistiche, in forma aggregata o non, sul numero degli utenti che accedono ad un servizio.<\/li><li>I cookies analitici sono sviluppati direttamente da https:\/\/sigmadomus-eu.net e servono per raccogliere informazioni aggregate a fini di analisi per il sito stesso.<\/li><li>Questo tipo di cookies non richiede il consenso preventivo dell&#8217;utente in quanto assimilabile ai cookies tecnici.<\/li><\/ol><p><strong><br \/>7 &#8211; Come disabilitare i cookies<\/strong><\/p><ol><li>In occasione della prima visita al nostro Sito, \u00e8 possibile accettare tutti i cookie cliccando sul tasto &#8220;OK&#8221; o sul tasto &#8220;X&#8221; (di chiusura) presenti nel banner o su un qualunque elemento della pagina web esterno al banner stesso.<\/li><li>In ogni altro caso e ad ogni successiva visita al Sito, cliccando sul link &#8220;Cookie Policy&#8221; presente in fondo della homepage del nostro Sito, potr\u00e0 accedere alla presente informativa e negare il consenso all&#8217;installazione dei cookie.<\/li><li>\u00c8 possibile disabilitare i cookies in base al browser utilizzato. Posto che la maggior parte dei browser \u00e8 programmata in maniera tale da accettare i cookie automaticamente, l&#8217;utente potr\u00e0 scegliere di non riceverne, soprattutto nei casi in cui la terza parte coinvolta non abbia correttamente fornito la possibilit\u00e0 di opt-out, accedendo alle impostazioni del browser e disabilitandone l&#8217;utilizzo, secondo le procedure descritte ai seguenti indirizzi:<\/li><\/ol><p>Microsoft Windows Explorer: https:\/\/support.microsoft.com\/en-gb\/windows\/delete-and-manage-cookies-168dab11-0753-043d-7c16-ede5947fc64d#ie=ie-11<\/p><p>Google Chrome: https:\/\/support.google.com\/chrome\/answer\/95647?hl=it<\/p><p>Mozilla Firefox: https:\/\/support.mozilla.org\/it\/kb\/Gestione%20dei%20cookie<\/p><p>Apple Safari: https:\/\/support.apple.com\/it-it\/guide\/safari\/sfri11471\/mac<\/p><p>Opera: https:\/\/help.opera.com\/en\/latest\/web-preferences\/#cookies<\/p><ol start=\"4\"><li>Se il tuo browser non \u00e8 presente, puoi fare riferimento alle informazioni sui cookie fornite dal browser stesso. Se utilizzi un telefono cellulare, consulta il relativo manuale per reperire ulteriori informazioni.<\/li><li>A seguito di disabilitazione dei cookie attraverso le impostazioni del browser, si ricorda la necessit\u00e0 di provvedere, sempre attraverso le stesse, alla eliminazione di quelli gi\u00e0 presenti prima della disabilitazione stessa.<\/li><li>La disattivazione dei cookie di terze parti \u00e8 inoltre possibile attraverso le modalit\u00e0 rese disponibili direttamente dalla societ\u00e0 terza titolare per detto trattamento, come indicato ai link riportati nel paragrafo &#8220;cookie di terze parti&#8221;.<\/li><li>Per avere informazioni sui cookie archiviati sul proprio terminale e disattivarli singolarmente si rinvia a www.youronlinechoices.com.<\/li><li>Una volta sul sito, accedendo all&#8217;area &#8220;Le tue scelte&#8221; potrai: visualizzare l&#8217;elenco delle societ\u00e0 terze, nostre partner, che installano cookie sul nostro sito (Societ\u00e0); verificare la presenza e lo stato di attivit\u00e0 del cookie installato (Status) e gestire il consenso selettivamente (On\/Off). Espandendo la voce dedicata (Info) ad ogni societ\u00e0 potrai accedere a pi\u00f9 informazioni relative alla societ\u00e0 e raggiungere via link la specifica informativa in materia di privacy e cookie.<\/li><li><strong><br \/>Diritti dell&#8217;utente<\/strong><\/li><li>In linea con quanto ripreso e affermato dal GDPR, in relazione al trattamento dei propri dati personali, l&#8217;utente ha diritto di chiedere al Titolare:<\/li><\/ol><ul><li>L&#8217;accesso: pu\u00f2 chiedere conferma che sia o meno in essere un trattamento di dati che la riguarda, oltre a maggiori chiarimenti circa le informazioni di cui alla presente informativa;<\/li><li>La rettifica: pu\u00f2 chiedere di rettificare o integrare i dati che ha fornito, qualora inesatti o incompleti;<\/li><li>La cancellazione: pu\u00f2 chiedere che i suoi dati vengano cancellati, qualora non siano pi\u00f9 necessari alle nostre finalit\u00e0, in caso di revoca del consenso o opposizione al trattamento, in caso di trattamento illecito, ovvero sussista un obbligo legale di cancellazione o si riferiscano a soggetti minori di anni sedici;<\/li><li>La limitazione: pu\u00f2 chiedere che i suoi dati siano trattati solo ai fini della conservazione, con esclusioni di altri trattamenti, per il periodo necessario alla rettifica dei suoi dati, in caso di trattamento illecito per il quale si opponga alla cancellazione, qualora egli debba esercitare i suoi diritti in sede giudiziaria e i dati conservati dal Titolare gli possono essere utili e, infine, in caso di opposizione al trattamento e sia in corso una verifica sulla prevalenza dei motivi legittimi del Titolare rispetto ai suoi;<\/li><li>La revoca: pu\u00f2 revocare il suo consenso in qualsiasi momento, nel caso in cui questo costituisca la base del trattamento. La revoca del consenso comunque non pregiudica la liceit\u00e0 del trattamento basata sul consenso svolto prima della revoca stessa.<\/li><\/ul><ol start=\"2\"><li>In qualsiasi momento l&#8217;utente pu\u00f2 chiedere di esercitare i suddetti diritti a SIGMA DOMUS SALUTE SRL rivolgendosi all&#8217;indirizzo mail: info@sigmadomus.net.<\/li><li>L&#8217;utente diritto di proporre reclamo nei confronti dell&#8217;Autorit\u00e0 di controllo italiana: &#8220;Garante per la Protezione dei Dati Personali&#8221; nel caso in cui ritenga che i suoi diritti siano stati violati da https:\/\/sigmadomus-eu.net e\/o da un terzo o nel caso in cui non ritenga soddisfacente la risposta alle sue richieste.<\/li><\/ol>\t\t\t\t\t<\/div>\n\t\t\t\t\t\t<\/div>\n\t\t\t\t<\/div>\n\t\t\t\t\t\t<\/div>\n\t\t\t\t\t<\/div>\n\t\t<\/div>\n\t\t\t\t\t\t\t\t<\/div>\n\t\t\t\t\t<\/div>\n\t\t<\/section>\n\t\t\t\t\t\t\t\t\t<\/div>\n\t\t\t<\/div>\n\t\t\t\t\t<\/div>\n\t\t","protected":false},"excerpt":{"rendered":"<p>INFORMATIVA COOKIES 1 &#8211; Informazioni relative alla cookie policy del sito In questa sezione sono contenute le informazioni relative alla cookie policy del sito https:\/\/sigmadomus-eu.net, di propriet\u00e0 di SIGMA DOMUS SALUTE SRL, in riferimento all&#8217;utilizzo dei cookies da parte dell&#8217;utente. Il presente documento \u00e8 parte integrante della Privacy Policy del sito https:\/\/sigmadomus-eu.net\/politica-de-cookies\/ e dell&#8217;informativa in [&hellip;]<\/p>\n","protected":false},"author":1,"featured_media":0,"parent":0,"menu_order":0,"comment_status":"closed","ping_status":"closed","template":"","meta":[],"_links":{"self":[{"href":"https:\/\/sigmadomus-eu.net\/it\/wp-json\/wp\/v2\/pages\/5315"}],"collection":[{"href":"https:\/\/sigmadomus-eu.net\/it\/wp-json\/wp\/v2\/pages"}],"about":[{"href":"https:\/\/sigmadomus-eu.net\/it\/wp-json\/wp\/v2\/types\/page"}],"author":[{"embeddable":true,"href":"https:\/\/sigmadomus-eu.net\/it\/wp-json\/wp\/v2\/users\/1"}],"replies":[{"embeddable":true,"href":"https:\/\/sigmadomus-eu.net\/it\/wp-json\/wp\/v2\/comments?post=5315"}],"version-history":[{"count":7,"href":"https:\/\/sigmadomus-eu.net\/it\/wp-json\/wp\/v2\/pages\/5315\/revisions"}],"predecessor-version":[{"id":5344,"href":"https:\/\/sigmadomus-eu.net\/it\/wp-json\/wp\/v2\/pages\/5315\/revisions\/5344"}],"wp:attachment":[{"href":"https:\/\/sigmadomus-eu.net\/it\/wp-json\/wp\/v2\/media?parent=5315"}],"curies":[{"name":"wp","href":"https:\/\/api.w.org\/{rel}","templated":true}]}}