{"id":5310,"date":"2023-04-13T02:16:25","date_gmt":"2023-04-13T02:16:25","guid":{"rendered":"https:\/\/sigmadomus-eu.net\/?page_id=5310"},"modified":"2023-04-13T03:01:13","modified_gmt":"2023-04-13T03:01:13","slug":"condiozioni-generali-di-vendita","status":"publish","type":"page","link":"https:\/\/sigmadomus-eu.net\/it\/condiozioni-generali-di-vendita\/","title":{"rendered":"Condiozioni generali di vendita"},"content":{"rendered":"\t\t<div data-elementor-type=\"wp-page\" data-elementor-id=\"5310\" class=\"elementor elementor-5310 elementor-4978\">\n\t\t\t\t\t\t<div class=\"elementor-inner\">\n\t\t\t\t<div class=\"elementor-section-wrap\">\n\t\t\t\t\t\t\t\t\t<section class=\"elementor-section elementor-top-section elementor-element elementor-element-348e8b1 elementor-section-boxed elementor-section-height-default elementor-section-height-default\" data-id=\"348e8b1\" data-element_type=\"section\">\n\t\t\t\t\t\t<div class=\"elementor-container elementor-column-gap-default\">\n\t\t\t\t\t\t\t<div class=\"elementor-row\">\n\t\t\t\t\t<div class=\"elementor-column elementor-col-100 elementor-top-column elementor-element elementor-element-877f092\" data-id=\"877f092\" data-element_type=\"column\">\n\t\t\t<div class=\"elementor-column-wrap elementor-element-populated\">\n\t\t\t\t\t\t\t<div class=\"elementor-widget-wrap\">\n\t\t\t\t\t\t<div class=\"elementor-element elementor-element-0f9749a elementor-widget elementor-widget-text-editor\" data-id=\"0f9749a\" data-element_type=\"widget\" data-widget_type=\"text-editor.default\">\n\t\t\t\t<div class=\"elementor-widget-container\">\n\t\t\t<style>\/*! elementor - v3.14.0 - 26-06-2023 *\/\n.elementor-widget-text-editor.elementor-drop-cap-view-stacked .elementor-drop-cap{background-color:#69727d;color:#fff}.elementor-widget-text-editor.elementor-drop-cap-view-framed .elementor-drop-cap{color:#69727d;border:3px solid;background-color:transparent}.elementor-widget-text-editor:not(.elementor-drop-cap-view-default) .elementor-drop-cap{margin-top:8px}.elementor-widget-text-editor:not(.elementor-drop-cap-view-default) .elementor-drop-cap-letter{width:1em;height:1em}.elementor-widget-text-editor .elementor-drop-cap{float:left;text-align:center;line-height:1;font-size:50px}.elementor-widget-text-editor .elementor-drop-cap-letter{display:inline-block}<\/style>\t\t\t\t\t<div class=\"elementor-text-editor elementor-clearfix\">\n\t\t\t\t<p><strong>Condizioni Generali di Vendita<\/strong><\/p><p><strong><br \/>Art. 1 &#8211; Disposizioni generali<\/strong><\/p><ol><li>L&#8217;utente navigando in quest&#8217;area accede a https:\/\/sigmadomus-eu.net, accessibile mediante l&#8217;url: https:\/\/sigmadomus-eu.net. La navigazione e la trasmissione di un ordine di acquisto sul sito comportano l&#8217;accettazione delle Condizioni e delle Politiche di Protezione dei Dati adottate dal sito stesso ivi indicate.<\/li><li>Le presenti Condizioni Generali di Vendita si applicano alla vendita di prodotti con esclusivo riferimento agli acquisti effettuati sul sito conformemente alle disposizioni della Parte III, Titolo III, Capo I, Codice del Consumo (D.lgs. n. 206\/05 modificato dal D.lgs. n. 21\/14 e D.lgs. 70\/03) da parte di<\/li><\/ol><p>Societ\u00e0 SIGMA DOMUS SALUTE SRL\u00a0\u00a0\u00a0\u00a0 \u00a0<br \/>Sede: Via Felice Cavalotti 2, 22100 &#8211; Como\u00a0\u00a0\u00a0\u00a0\u00a0\u00a0\u00a0 \u00a0<br \/>Partita IVA: 04087050136\u00a0\u00a0\u00a0\u00a0 \u00a0<br \/>Iscritta al REA, numero CO &#8211; 418727<\/p><ol start=\"3\"><li>L&#8217;utente \u00e8 tenuto, prima di accedere ai prodotti forniti dal sito, a leggere le presenti Condizioni Generali di Vendita che si intendono generalmente ed inequivocabilmente accettate al momento dell&#8217;acquisto.<\/li><li>Si invita l&#8217;utente a scaricare e stampare una copia del modulo d&#8217;acquisto e delle presenti Condizioni Generali di Vendita i cui termini https:\/\/sigmadomus-eu.net si riserva di modificare unilateralmente e senza alcun preavviso.<\/li><li>E&#8217; possibile utilizzare il sito e quindi accedere a prodotti forniti dallo stesso ed all&#8217;acquisto di questi nelle seguenti lingue:<\/li><\/ol><p>Italiano, Espa\u00f1ol, Ingl\u00e9s<\/p><p><strong><br \/>Art. 2 &#8211; Oggetto<\/strong><\/p><ol><li>Le presenti Condizioni Generali di Vendita disciplinano l&#8217;offerta, l&#8217;inoltro e l&#8217;accettazione di ordini d&#8217;acquisto di prodotti su https:\/\/sigmadomus-eu.net e non disciplinano, invece, la fornitura di servizi o la vendita di prodotti da parte di soggetti diversi dal venditore che siano presenti sul medesimo sito tramite link, banner o altri collegamenti ipertestuali.<\/li><li>Prima di inoltrare ordini ed acquistare prodotti e servizi da soggetti diversi, suggeriamo di verificare le loro condizioni di vendita.<\/li><\/ol><p><strong><br \/>Art. 3 &#8211; Conclusione del contratto<\/strong><\/p><ol><li>Per concludere il contratto di acquisto, sar\u00e0 necessario compilare il formulario in formato elettronico e trasmetterlo seguendo le relative istruzioni.<\/li><li>In esso sono contenuti il rinvio alle Condizioni Generali di Vendita, le immagini di ciascun prodotto ed il relativo prezzo, i mezzi di pagamento che \u00e8 possibile utilizzare, le modalit\u00e0 di consegna dei prodotti acquistati e i relativi costi di spedizione e consegna, un rimando alle condizioni per l&#8217;esercizio del diritto di recesso; modalit\u00e0 e tempi di restituzione dei prodotti acquistati.<\/li><li>Prima di concludere il contratto, sar\u00e0 chiesto di confermare l&#8217;avvenuta lettura delle Condizioni Generali di Vendita comprensive dell&#8217;Informativa sul diritto di recesso e del trattamento dei dati personali.<\/li><li>Il contratto \u00e8 concluso quando il venditore riceve il formulario compilato dall&#8217;utente, previa verifica della correttezza dei dati ivi contenuti.<\/li><li>L&#8217;utente sar\u00e0 obbligato al pagamento del prezzo dal momento in cui la procedura di inoltro dell&#8217;ordine on line sar\u00e0 conclusa. Ci\u00f2 avverr\u00e0 cliccando sul tasto &#8220;Procedi all&#8217;ordine&#8221; alla fine della procedura guidata.<\/li><li>Concluso il contratto, il venditore prende in carico l&#8217;ordine per la sua evasione.<\/li><\/ol><p><strong><br \/>Art. 4 &#8211; Utenti registrati<\/strong><\/p><ol><li>Nel completare le procedure di registrazione, l&#8217;utente si obbliga a seguire le indicazioni presenti sul sito e a fornire i propri dati personali in maniera corretta e veritiera.<\/li><li>Una volta effettuata la registrazione, l&#8217;utente ricever\u00e0 una mail di conferma nella email da lui fornita. La conferma dovr\u00e0 essere comunicata al massimo entro 5 giorni. Trascorso questo periodo, in difetto di conferma, https:\/\/sigmadomus-eu.net sar\u00e0 liberato da ogni impegno nei confronti dell&#8217;utente.<\/li><li>La conferma esonerer\u00e0 in ogni caso https:\/\/sigmadomus-eu.net da ogni responsabilit\u00e0 circa i dati forniti dall&#8217;utente. L&#8217; utente si obbliga a informare tempestivamente https:\/\/sigmadomus-eu.net di qualsiasi variazione dei propri dati in ogni tempo comunicati.<\/li><li>Qualora poi l&#8217;utente comunichi dati non esatti o incompleti ovvero anche nel caso in cui vi sia contestazione da parte dei soggetti interessati circa i pagamenti effettuati, https:\/\/sigmadomus-eu.net avr\u00e0 facolt\u00e0 di non attivare ovvero di sospendere il servizio fino a sanatoria delle relative mancanze.<\/li><li>In occasione della prima richiesta di attivazione di un profilo da parte dell&#8217;utente, https:\/\/sigmadomus-eu.net attribuir\u00e0 allo stesso nome utente ed una password. Quest&#8217;ultimo riconosce che tali identificativi costituiscono il sistema di validazione degli accessi dell&#8217;utente ai Servizi ed il solo sistema idoneo ad identificare l&#8217;utente che gli atti compiuti mediante tale accesso saranno a lui attribuiti e avranno efficacia vincolante nei suoi confronti.<\/li><li>L&#8217;utente si obbliga a mantenerne la segretezza dei suoi dati d&#8217;accesso e a custodirli con la dovuta cura e diligenza e a non cederli anche temporaneamente a terzi.<\/li><\/ol><p><strong><br \/>Art. 5 &#8211; Disponibilit\u00e0 dei prodotti<\/strong><\/p><ol><li>La disponibilit\u00e0 dei prodotti si riferisce alla disponibilit\u00e0 effettiva nel momento in cui l&#8217;utente effettua l&#8217;ordine. Tale disponibilit\u00e0 deve comunque essere considerata puramente indicativa perch\u00e9, per effetto della contemporanea presenza sul sito di pi\u00f9 utenti, i prodotti potrebbero essere venduti ad altri clienti prima della conferma dell&#8217;ordine.<\/li><li>Anche in seguito all&#8217;invio dell&#8217;e-mail di conferma dell&#8217;ordine potrebbero verificarsi casi di indisponibilit\u00e0 parziale o totale della merce. In questa eventualit\u00e0, l&#8217;ordine verr\u00e0 rettificato automaticamente con l&#8217;eliminazione del prodotto non disponibile e l&#8217;utente verr\u00e0 immediatamente informato via e-mail.<\/li><li>Se l&#8217;utente richiede l&#8217;annullamento dell&#8217;ordine, risolvendo il contratto, https:\/\/sigmadomus-eu.net rimborser\u00e0 l&#8217;importo pagato entro 20 giorni a partire dal momento in cui https:\/\/sigmadomus-eu.net ha avuto conoscenza della decisione del l&#8217;acquirente di risolvere il contratto.<\/li><\/ol><p><strong><br \/>Art. 6 &#8211; Prodotti offerti<\/strong><\/p><ol><li>https:\/\/sigmadomus-eu.net commercializza:<\/li><\/ol><p>INTEGRATORI ALIMENTARI<\/p><ol start=\"2\"><li>L&#8217;offerta \u00e8 dettagliata nel nostro sito al link: https:\/\/sigmadomus-eu.net<\/li><\/ol><p><strong><br \/>Art. 7 &#8211; Modalit\u00e0 di pagamento e prezzi<\/strong><\/p><ol><li>Il prezzo dei prodotti sar\u00e0 quello indicato di volta in volta sul sito, salvo laddove sussista un errore palese.<\/li><li>In caso di errore https:\/\/sigmadomus-eu.net avviser\u00e0 prima possibile l&#8217;acquirente consentendo la conferma dell&#8217;ordine al giusto importo ovvero l&#8217;annullamento. Non sussister\u00e0 ad ogni modo per https:\/\/sigmadomus-eu.net l&#8217;obbligo di fornire quanto venduto al prezzo inferiore erroneamente indicato.<\/li><li>I prezzi del sito sono comprensivi di IVA e non includono le spese di spedizione. I prezzi possono subire variazioni in qualsiasi momento. I cambiamenti non riguardano gli ordini per i quali sia stata gi\u00e0 inviata conferma dell&#8217;ordine.<\/li><li>Una volta selezionati i prodotti desiderati, essi saranno aggiunti al carrello. Sar\u00e0 sufficiente seguire le istruzioni per l&#8217;acquisto, inserendo o verificando le informazioni richieste in ogni passaggio del processo. I dettagli dell&#8217;ordine potranno essere modificati prima del pagamento.<\/li><li>Il pagamento pu\u00f2 essere effettuato tramite:<\/li><\/ol><p>Carte di cr\u00e9dito (Visa, Mastercard) Carte di debito (visa debit, mastercard debit), PayPal, Bonifico bancario.<\/p><p><strong><br \/>Art. 8 &#8211; Consegna<\/strong><\/p><ol><li>https:\/\/sigmadomus-eu.net effettua spedizioni in tutto il territorio italiano, escluse lo stato di Citt\u00e0 del Vaticano e la Repubblica di San Marino.<\/li><li>https:\/\/sigmadomus-eu.net effettuer\u00e0 le sue consegne sia presso il domicilio fornito dall&#8217;utente, sia presso i punti di ritiro indicati al momento dell&#8217;acquisto.<\/li><li>La consegna viene effettuata generalmente entro 5-10 giorni lavorativi, o, qualora non fosse specificata alcuna data di consegna, entro il termine stimato al momento della selezione della modalit\u00e0 di consegna e, in ogni caso, entro il termine massimo di trenta giorni dalla data della conferma.<\/li><li>Qualora non fosse possibile effettuare la consegna, l&#8217;ordine verr\u00e0 inviato al deposito. In tale evenienza, un avviso preciser\u00e0 luogo in cui si trova l&#8217;ordine e le modalit\u00e0 con cui concordare una nuova consegna.<\/li><li>Qualora non fosse in grado di essere presente nel luogo di consegna all&#8217;orario concordato, Le chiediamo di contattarci nuovamente per concordare una nuova data di consegna.<\/li><li>Qualora la consegna non possa avere luogo per cause a noi non imputabili dopo trenta giorni dalla data in cui l&#8217;ordine \u00e8 disponibile per la consegna, assumeremo che si intenda risolvere il contratto.<\/li><li>In conseguenza della risoluzione gli importi saranno restituiti, inclusi i costi di consegna con l&#8217;esclusione di eventuali costi addizionali derivanti dalla scelta di un metodo di consegna diverso dal metodo ordinario offerto senza ingiustificato ritardo e, in ogni caso, entro 20 giorni dalla data di risoluzione del contratto. Il trasporto derivante dalla risoluzione del contratto potrebbe avere costi addizionali che saranno a carico dell&#8217;acquirente.<\/li><li>Le spese di spedizione sono a carico dell&#8217;acquirente e sono evidenziate esplicitamente al momento dell&#8217;effettuazione dell&#8217;ordine.<\/li><\/ol><p><strong><br \/>Art. 9 &#8211; Passaggio del rischio<\/strong><\/p><ol><li>I rischi relativi ai prodotti passeranno a carico dell&#8217;acquirente a partire dal momento della consegna. La propriet\u00e0 dei prodotti si considera acquisita appena ricevuto il pagamento completo di tutti gli importi dovuti in relazione agli stessi, incluse le spese di spedizione, ovvero al momento della consegna, se questa avvenisse in un secondo momento.<\/li><\/ol><p><strong><br \/>Art. 10 &#8211; Garanzia e conformit\u00e0 commerciale<\/strong><\/p><ol><li>Il venditore \u00e8 responsabile per qualsiasi difetto dei prodotti offerti sul sito, ivi inclusa la non conformit\u00e0 degli articoli ai prodotti ordinati, ai sensi di quanto disposto dalla normativa italiana.<\/li><li>Se l&#8217;acquirente ha stipulato il contratto in qualit\u00e0 di consumatore ovverosia qualsiasi persona fisica che agisca sul sito per scopi estranei all&#8217;attivit\u00e0 imprenditoriale o professionale eventualmente svolta, la presente garanzia \u00e8 valida a condizione che il difetto si manifesti entro 24 mesi dalla data di consegna dei prodotti; che l&#8217;acquirente presenti reclamo formale relativamente ai difetti entro un massimo di 2 mesi dalla data in cui il difetto \u00e8 stato da quest&#8217;ultimo riconosciuto; che venga compilato correttamente il modulo di reso online.<\/li><li>In caso di mancata conformit\u00e0, l&#8217;utente che ha stipulato il contratto in qualit\u00e0 di consumatore avr\u00e0 diritto ad ottenere il ripristino della conformit\u00e0 dei prodotti senza spese, mediante riparazione o sostituzione, ovvero di ottenere un&#8217;appropriata riduzione di prezzo ovvero la risoluzione del contratto relativamente ai beni contestati e la conseguente restituzione del prezzo.<\/li><li>Tutti i costi di restituzione per prodotti difettosi saranno sostenuti dal venditore.<\/li><\/ol><p><strong><br \/>Art. 11 &#8211; Recesso<\/strong><\/p><ol><li>Conformemente alle disposizioni legali in vigore, l&#8217;acquirente ha diritto di recedere dall&#8217;acquisto senza alcuna penalit\u00e0 e senza specificarne il motivo, entro il termine di 14 giorni ai sensi dell&#8217;art. 57 del D.lgs 206\/2005 decorrenti dalla data di ricezione dei prodotti.<\/li><li>In caso di acquisti multipli effettuati dal l&#8217;acquirente con un solo ordine e consegnati separatamente, il termine di 30 giorni decorre dalla data di ricezione dell&#8217;ultimo prodotto.<\/li><li>L&#8217;utente che intendesse esercitare il diritto di recesso dell&#8217;acquisto potr\u00e0 effettuarlo accedendo alla sezione: &#8220;<a href=\"https:\/\/sigmadomus-eu.net\/formulario-di-recesso\/\">Condizioni Generali di Vendita &#8211; formulario di recesso<\/a>&#8221; sul sito https:\/\/sigmadomus-eu.net con la creazione di una pratica.<\/li><\/ol><p>L&#8217;utente potr\u00e0 inviare altres\u00ec una mail, indicando numero di ordine e il suo nome, al seguente indirizzo email:<\/p><p>info@sigmadomus.net<\/p><ol start=\"4\"><li>L&#8217;acquirente dovr\u00e0 esercitare il diritto di recesso anche inviando una qualsiasi dichiarazione esplicita contenente la decisione di recedere dal contratto oppure alternativamente trasmettere il modulo di recesso tipo, di cui all&#8217;Allegato I, parte B, D.Lgs 21\/2014 non obbligatorio.<\/li><li>La merce potr\u00e0 essere restituita presso un qualsiasi punto vendita o ritiro presente sul territorio italiano, cos\u00ec come verr\u00e0 indicato nella pagina web al momento dell&#8217;acquisto.<\/li><li>La merce dovr\u00e0 essere restituita integra, nella confezione originale, completa in tutte le sue parti e completa della documentazione fiscale annessa. Fatta salva la facolt\u00e0 di verificare il rispetto di quanto sopra, il sito provveder\u00e0 a rimborsare l&#8217;importo dei prodotti oggetto del recesso entro un termine massimo di 15 giorni eventuali costi di spedizione sostenuti dall&#8217;utente.<\/li><li>I costi sostenuti per la restituzione della merce saranno a carico dell&#8217;utente.<\/li><li>Come previsto dall&#8217;art. 56 comma 3 del D.Lgs 206\/2005, modificato dal D.lgs 21\/2014, il sito pu\u00f2 sospendere il rimborso fino al ricevimento dei beni oppure fino all&#8217;avvenuta dimostrazione da parte del l&#8217;acquirente di aver rispedito i beni.<\/li><li>Non si applicher\u00e0 il diritto al recesso nel caso in cui i servizi e prodotti di https:\/\/sigmadomus-eu.net sono inclusi nelle categorie dell&#8217;art. 59 del D.Lgs 206\/2005.<\/li><li>Il sito eseguir\u00e0 il rimborso utilizzando lo stesso mezzo di pagamento scelto dal l&#8217;acquirente in fase di acquisto. Nel caso di pagamento effettuato con bonifico, e qualora l&#8217;utente intenda esercitare il proprio diritto di recesso, dovr\u00e0 fornire le coordinate bancarie: IBAN, SWIFT e BIC necessari all&#8217;effettuazione del rimborso.<\/li><\/ol><p>\u00a0<\/p><p>Art. 12 &#8211; Trattamento dei dati<\/p><ol><li>I dati del l&#8217;acquirente sono trattati conformemente a quanto previsto dalla normativa in materia di protezione dei dati personali, come specificato nell&#8217;apposita sezione contenente l&#8217;informativa ai sensi dell&#8217;art. 13 Regolamento UE 2016\/679 (Privacy Policy).<\/li><\/ol><p>\u00a0<\/p><p>Art. 13 &#8211; Clausola di salvaguardia<\/p><ol><li>Nell&#8217;ipotesi in cui una delle clausole delle presenti Condizioni Generali di Vendita fosse nulla per qualsivoglia motivo ci\u00f2 non comprometter\u00e0 in nessun caso la validit\u00e0 e il rispetto delle altre disposizioni figuranti nelle presenti Condizioni Generali di Vendita.<\/li><\/ol><p>\u00a0<\/p><p>Art. 14 &#8211; Contatti<\/p><ol><li>Ogni richiesta di informazione potr\u00e0 essere inviata via mail al seguente indirizzo info@sigmadomus.net, via telefono al seguente recapito telefonico: +34622727412, e via posta al seguente indirizzo:<\/li><\/ol><p>Calle El Pedernoso 7, 1D, Madrid 28043<\/p><p>\u00a0<\/p><p>Art. 15 &#8211; Legge applicabile e foro competente<\/p><ol><li>Le presenti Condizioni Generali di Vendita sono disciplinate dal diritto italiano ed interpretate in base ad esso, fatta salva qualsiasi diversa norma imperativa prevalente del paese di residenza abituale del l&#8217;acquirente. Di conseguenza l&#8217;interpretazione, esecuzione e risoluzione delle Condizioni Generali di Vendita sono soggette esclusivamente alla legge Italiana.<\/li><li>Eventuali controversie inerenti e\/o conseguenti alle stesse dovranno essere risolte in via esclusiva dall&#8217;autorit\u00e0 giurisdizionale Italiana. In particolare, qualora l&#8217;utente rivesta la qualifica di Consumatore, le eventuali controversie dovranno essere risolte dal tribunale del luogo di domicilio o residenza dello stesso in base alla legge applicabile.<\/li><\/ol><p>Le presenti condizioni sono state redatte in data 04\/04\/2023.<\/p>\t\t\t\t\t<\/div>\n\t\t\t\t\t\t<\/div>\n\t\t\t\t<\/div>\n\t\t\t\t\t\t<\/div>\n\t\t\t\t\t<\/div>\n\t\t<\/div>\n\t\t\t\t\t\t\t\t<\/div>\n\t\t\t\t\t<\/div>\n\t\t<\/section>\n\t\t\t\t\t\t\t\t\t<\/div>\n\t\t\t<\/div>\n\t\t\t\t\t<\/div>\n\t\t","protected":false},"excerpt":{"rendered":"<p>Condizioni Generali di Vendita Art. 1 &#8211; Disposizioni generali L&#8217;utente navigando in quest&#8217;area accede a https:\/\/sigmadomus-eu.net, accessibile mediante l&#8217;url: https:\/\/sigmadomus-eu.net. La navigazione e la trasmissione di un ordine di acquisto sul sito comportano l&#8217;accettazione delle Condizioni e delle Politiche di Protezione dei Dati adottate dal sito stesso ivi indicate. Le presenti Condizioni Generali di Vendita [&hellip;]<\/p>\n","protected":false},"author":1,"featured_media":0,"parent":0,"menu_order":0,"comment_status":"closed","ping_status":"closed","template":"","meta":[],"_links":{"self":[{"href":"https:\/\/sigmadomus-eu.net\/it\/wp-json\/wp\/v2\/pages\/5310"}],"collection":[{"href":"https:\/\/sigmadomus-eu.net\/it\/wp-json\/wp\/v2\/pages"}],"about":[{"href":"https:\/\/sigmadomus-eu.net\/it\/wp-json\/wp\/v2\/types\/page"}],"author":[{"embeddable":true,"href":"https:\/\/sigmadomus-eu.net\/it\/wp-json\/wp\/v2\/users\/1"}],"replies":[{"embeddable":true,"href":"https:\/\/sigmadomus-eu.net\/it\/wp-json\/wp\/v2\/comments?post=5310"}],"version-history":[{"count":11,"href":"https:\/\/sigmadomus-eu.net\/it\/wp-json\/wp\/v2\/pages\/5310\/revisions"}],"predecessor-version":[{"id":5347,"href":"https:\/\/sigmadomus-eu.net\/it\/wp-json\/wp\/v2\/pages\/5310\/revisions\/5347"}],"wp:attachment":[{"href":"https:\/\/sigmadomus-eu.net\/it\/wp-json\/wp\/v2\/media?parent=5310"}],"curies":[{"name":"wp","href":"https:\/\/api.w.org\/{rel}","templated":true}]}}